{"id":1270,"date":"2021-03-09T18:25:07","date_gmt":"2021-03-09T18:25:07","guid":{"rendered":"https:\/\/www.vdh.virginia.gov\/central-shenandoah\/?page_id=1270"},"modified":"2021-04-19T16:11:54","modified_gmt":"2021-04-19T16:11:54","slug":"citas-para-la-vacuna-covid-19","status":"publish","type":"page","link":"https:\/\/www.vdh.virginia.gov\/central-shenandoah\/citas-para-la-vacuna-covid-19\/","title":{"rendered":"Informaci\u00f3n\/programaci\u00f3n de la primera dosis"},"content":{"rendered":"<h1><strong>Ahora Hay Citas Para La Vacuna COVID-19 Disponibles En Nuestro Sitio Web Para Personas Que Son Elegibles.<\/strong><\/h1>\n<p><strong>Oportunidades de Vacunaci\u00f3n en las Cl\u00ednicas de Vacunas COVID-19<\/strong><\/p>\n<p>&nbsp;<\/p>\n<p>Lea nuestra secci\u00f3n de preguntas y respuestas para m\u00e1s informaci\u00f3n abajo:<\/p>\n<hr \/>\n<p><strong>\u00bfC\u00f3mo est\u00e1 cambiando el proceso para citas para la vacuna COVID-19 en el Distrito de Salud Central de Shenandoah?<\/strong><\/p>\n<p>El Distrito de Salud Central de Shenandoah est\u00e1 cambiando el proceso de citas para la vacuna COVID-19 de programarse por invitaci\u00f3n solamente a una combinaci\u00f3n de invitaci\u00f3n como se ha estado haciendo y tambi\u00e9n se van a poner espacios de las citas disponibles en nuestro sitio web comenzando el 7 de marzo.\u00a0 El Distrito de Salud Central de Shenandoah estar\u00e1 poniendo espacios de las citas disponibles para la cl\u00ednica del d\u00eda siguiente a las 12:00 pm en nuestro sitio web.\u00a0 Estas citas son basadas en la disponibilidad de la vacuna.\u00a0 El CSHD seguir\u00e1 utilizando el <a href=\"https:\/\/vaccinate.virginia.gov\/\"><u>Sistema de datos para pre-registraci\u00f3n del Estado<\/u><\/a> para sacar listas de nombres de personas elegibles y para invitarlos a ellos primero a nuestras cl\u00ednicas. Si a\u00fan quedan citas, entonces estos espacios estar\u00e1n disponibles en nuestro sitio web.<\/p>\n<p><strong>\u00bfC\u00f3mo podr\u00e1 programar una cita para la vacuna COVID-19 en el Distrito de Salud Central de Shenandoah?<\/strong><\/p>\n<p><strong>Personas que est\u00e1n pre-registradas tendr\u00e1n prioridad para las citas de vacunas.<\/strong> El CSHD les notificar\u00e1 primero a personas elegibles que est\u00e9n pre-registradas en el <a href=\"https:\/\/vaccinate.virginia.gov\/\"><u>Sistema de Pre-registraci\u00f3n del Estado<\/u><\/a>. La invitaci\u00f3n se enviar\u00e1 2 a 5 d\u00edas antes de una cl\u00ednica.\u00a0 Tambi\u00e9n le llamaremos a individuos que indicaron que no tienen correo electr\u00f3nico.\u00a0 Si a\u00fan hay citas disponibles, las pondremos en nuestro sitio web el d\u00eda antes a las 12:00 pm.<\/p>\n<p><strong>\u00bfPorque est\u00e1 cambiando el Proceso de vacunas COVID-19 del CSHD?<\/strong><\/p>\n<p>Nuestro suministro de vacunas COVID-19 ha aumentado y esperamos que siga aumentando en las pr\u00f3ximas semanas.\u00a0 Esto significa que tendremos m\u00e1s citas disponibles a los grupos elegibles.\u00a0 En la \u00faltima semana, bajaron las citas que se han programado por medio del enlace que se ha enviado por el correo electr\u00f3nico. Les enviamos correos electr\u00f3nicos y llamamos a las personas pre-registradas que son elegibles con invitaciones a nuestras cl\u00ednicas.\u00a0 Entendemos que hay mucha gente que perdi\u00f3 estas invitaciones para hacer su cita. Para ayudar a aquellos que pudieron haber perdido nuestros correos electr\u00f3nicos y\/o llamadas, estamos a\u00f1adiendo citas de vacunaci\u00f3n contra el COVID-19 disponibles en nuestro sitio web. Esperamos poder hacer las citas m\u00e1s accesibles a miembros elegibles de la comunidad y proveer otra manera de registrarse para una cita.\u00a0 Nuestra meta es hacer llegar las vacunas al p\u00fablico de manera eficiente, equitativamente, y lo m\u00e1s pronto posible.<\/p>\n<p><strong>\u00bfQui\u00e9n es elegible para las citas de la vacuna COVID-19 puestas en el sitio web del CSHD?<\/strong><\/p>\n<p>El Distrito de Salud Central de Shenandoah esta vacunando a los trabajadores esenciales y a las personas en la Fase 1\u00aa y la Fase 1b. Estaremos expandiendo nuestras cl\u00ednicas a otras personas que son elegibles en esta categor\u00eda en las pr\u00f3ximas semanas. \u00a0Vea los criterios de elegibilidad hacia al lado de la informaci\u00f3n de arriba.<\/p>\n<p>Los trabajadores esenciales en la <u>Fase 1a<\/u> y la <u>Fase 1b<\/u> tendr\u00e1n que pre-registrarse en el sitio web vaccinate.virginia.gov.\u00a0 El Distrito de Salud Central de Shenandoah continuar\u00e1 invitando a los trabajadores esenciales cuando haiga oportunidades de vacunaci\u00f3n por medio del uso del Sistema de Datos de Pre-registraci\u00f3n. Las personas que son doblemente elegibles para recibir la vacuna COVID-19 debido a su edad, condici\u00f3n m\u00e9dica y ocupaci\u00f3n, pueden acceder a estas citas en nuestro sitio web si cumplen con los requisitos.<\/p>\n<p>En resumen, estos espacios para citas solo est\u00e1n disponibles para las personas que cumplen con los requisitos de edad y condici\u00f3n m\u00e9dica y viven o trabajan en el Distrito de Salud Central de Shenandoah. Si usted es un trabajador esencial y no cumple con el requisito de edad y condici\u00f3n m\u00e9dica, se le invitar\u00e1 a cl\u00ednicas espec\u00edficas para trabajadores de atenci\u00f3n m\u00e9dica de Fase 1a y trabajadores esenciales de Fase 1b en el Distrito de Salud Central de Shenandoah que se identifican a trav\u00e9s del sistema de pre-registraci\u00f3n.<\/p>\n<p>El sistema de programaci\u00f3n no tiene la capacidad de seleccionar a los solicitantes de registro seg\u00fan los criterios de elegibilidad. Incluso si recibe una confirmaci\u00f3n generada por el sistema, si no cumple con los criterios su cita ser\u00e1 cancelada.<\/p>\n<p><strong>\u00bfAceptan a personas sin cita previa?<\/strong><\/p>\n<p>No aceptamos a personas sin cita previa. Si no tiene una cita, no se le administrar\u00e1 una vacuna. Consulte el sitio web para conocer otras oportunidades de vacunas.<\/p>\n<p><strong>\u00bfC\u00f3mo tendr\u00e1n acceso a la vacuna COVID-19 los trabajadores esenciales?<\/strong><\/p>\n<p>Las cl\u00ednicas mencionadas arriba son para las personas mayores de 65 a\u00f1os de edad y para aquellos con condiciones m\u00e9dicas de alto riesgo. Requisitos espec\u00edficos de elegibilidad estar\u00e1n enumerados al lado de la informaci\u00f3n de la cl\u00ednica arriba. Seguiremos ofreciendo cl\u00ednicas por invitaci\u00f3n solamente para los trabajadores esenciales de la Fase 1b y los trabajadores de atenci\u00f3n m\u00e9dica en la Fase 1a.<\/p>\n<p><strong>\u00bfDeber\u00eda pre-registrarse para la vacuna COVID-19 en vaccinate.virginia.gov?<\/strong><\/p>\n<p>S\u00ed. A\u00fan debe pre-registrarse. Nosotros todav\u00eda estamos contactando a las personas por tel\u00e9fono y correo electr\u00f3nico para programar las citas. Las personas que est\u00e9n pre-registradas tendr\u00e1n acceso prioritario a las citas de vacunas. Si quedan espacios para citas dentro de las 24 horas posteriores a una cl\u00ednica, publicaremos esas citas disponibles en nuestro sitio web a las 12:00 p.m. del d\u00eda anterior a una cl\u00ednica.<\/p>\n<p><strong>\u00bfC\u00f3mo utiliza CSHD los datos de pre-registro?<\/strong><\/p>\n<p>Estamos utilizando el pre-registro para llamar o enviar un correo electr\u00f3nico a los pre-registrados con informaci\u00f3n de registro de vacunas. Si las personas a las que llamamos o enviamos un correo electr\u00f3nico no llenan todos los espacios disponibles, publicaremos la informaci\u00f3n de programaci\u00f3n de la cl\u00ednica en este sitio web.<\/p>\n<p><strong>\u00bfEs esta la \u00fanica forma de obtener una cita para vacunas en el Distrito de Salud Central de Shenandoah?<\/strong><\/p>\n<p>No. Todav\u00eda estamos usando los datos de pre-registraci\u00f3n para contactar a las personas para programar citas. Nuestros socios de atenci\u00f3n m\u00e9dica tambi\u00e9n est\u00e1n programando citas para sus propias cl\u00ednicas. La Asociaci\u00f3n Federal de Farmacias tambi\u00e9n se est\u00e1 expandiendo y habr\u00e1 oportunidades para obtener vacunas a trav\u00e9s de las farmacias minoristas locales.<\/p>\n<p><em>Es importante estar al tanto de las estafas de vacunas. Todas las vacunas COVID-19 son gratuitas y nunca se le pedir\u00e1 la informaci\u00f3n de su tarjeta de cr\u00e9dito o el n\u00famero de seguro social.<\/em><\/p>\n<ul>\n<li><em>No pague para poner su nombre en una lista de prioridades<\/em><\/li>\n<li><em>No pague para obtener acceso temprano a la vacuna<\/em><\/li>\n<li><em>No pague de su bolsillo por la vacuna<\/em><\/li>\n<li><em>Las vacunas no se solicitan puerta a puerta<\/em><\/li>\n<\/ul>\n<p><strong>\u00bfQu\u00e9 pasa si no tengo acceso a Internet, computadora, etc.?<\/strong><\/p>\n<p>El Departamento de Salud todav\u00eda est\u00e1 llamando a las personas para programar citas para vacunas. Aseg\u00farese de pre-registrarse visitando vaccinate.virginia.gov o llamando al Centro de Informaci\u00f3n sobre vacunas COVID-19 1-877-VAX-IN-VA (1-877-829-4682). Estamos utilizando la informaci\u00f3n de pre-registraci\u00f3n para llamar a personas para proveer las citas.<\/p>\n<p><strong>\u00bfC\u00f3mo vamos a saber cu\u00e1les son los requisitos de elegibilidad?<\/strong><\/p>\n<p>Estaremos subiendo la informaci\u00f3n de elegibilidad con cada cl\u00ednica. Por el momento, el CSHD est\u00e1 vacunando \u00fanicamente a personas mayores 65 a\u00f1os o m\u00e1s y aquellos con condiciones m\u00e9dicas de alto riesgo o con discapacidades que aumenten el riesgo de enfermarse severamente del COVID-19 por medio de las cl\u00ednicas anunciadas en este sitio web. Vea los requisitos de elegibilidad espec\u00edficos al lado de la informaci\u00f3n de la cl\u00ednica arriba. Seguiremos ofreciendo cl\u00ednicas por invitaci\u00f3n solamente para los trabajadores esenciales de la Fase 1b y los trabajadores de salud en la Fase 1a.<\/p>\n<p><strong>\u00bfQu\u00e9 son las \u201ccondiciones o discapacidades m\u00e9dicas de alto riesgo que incrementa el riesgo de enfermedad grave por COVID-19\u201d?<\/strong><\/p>\n<p>Visite el sitio web de los Centros para el Control y la Prevenci\u00f3n de Enfermedades para obtener una lista de condiciones y discapacidades: <a href=\"https:\/\/www.cdc.gov\/coronavirus\/2019-ncov\/need-extra-precautions\/people-with-medical-conditions.html\"><u>https:\/\/www.cdc.gov\/coronavirus\/2019-ncov\/need-extra-precautions\/people-with-medical-conditions.html<\/u><\/a><\/p>\n<p><strong>\u00bfPor qu\u00e9 hay cl\u00ednicas solo en los condados de Rockbridge y Rockingham?<\/strong><\/p>\n<p>Estas citas son para cl\u00ednicas de vacunaci\u00f3n masivas de gran volumen. Estamos trabajando con nuestros socios de atenci\u00f3n m\u00e9dica en Staunton, Augusta y Waynesboro para brindar oportunidades similares en esa \u00e1rea. Tambi\u00e9n estamos trabajando con socios de atenci\u00f3n m\u00e9dica en Bath y Highland para proporcionar vacunas a esas comunidades.<\/p>\n<p><strong>\u00bfPuedo ir a una cl\u00ednica si vivo fuera del Distrito de Salud Central de Shenandoah?<\/strong><\/p>\n<p>Estas cl\u00ednicas son solo para quienes viven o trabajan en el Distrito de Salud Central de Shenandoah. El Distrito de Salud Central de Shenandoah incluye los siguientes condados:<\/p>\n<ul>\n<li>Condado de Augusta<\/li>\n<li>Condado de Bath<\/li>\n<li>Condado de Highland<\/li>\n<li>Condado de Rockbridge<\/li>\n<li>Condado de Rockingham<\/li>\n<\/ul>\n<p>Y las siguientes ciudades:<\/p>\n<ul>\n<li>Ciudad de Buena Vista<\/li>\n<li>Ciudad de Harrisonburg<\/li>\n<li>Ciudad de Lexington<\/li>\n<li>Ciudad de Staunton<\/li>\n<li>Ciudad de Waynesboro<\/li>\n<\/ul>\n<p><strong>\u00bfPuedo ir a una cl\u00ednica si vivo en el Distrito de Salud Central de Shenandoah pero no vivo en la localidad donde se lleva a cabo la cl\u00ednica?<\/strong><\/p>\n<p>Puede asistir a una cl\u00ednica de vacunas en una localidad donde no viva mientras viva y trabaje en el Distrito de Salud Central de Shenandoah. Nuevamente, estas cl\u00ednicas son solo para quienes viven o trabajan en el Distrito de Salud Central de Shenandoah:<\/p>\n<p>El Distrito de Salud Central de Shenandoah incluye los siguientes condados:<\/p>\n<ul>\n<li>Condado de Augusta<\/li>\n<li>Condado de Bath<\/li>\n<li>Condado de Highland<\/li>\n<li>Condado de Rockbridge<\/li>\n<li>Condado de Rockingham<\/li>\n<\/ul>\n<p>Y las siguientes ciudades:<\/p>\n<ul>\n<li>Ciudad de Buena Vista<\/li>\n<li>Ciudad de Harrisonburg<\/li>\n<li>Ciudad de Lexington<\/li>\n<li>Ciudad de Staunton<\/li>\n<li>Ciudad de Waynesboro<\/li>\n<\/ul>\n<p><strong>\u00bfPor qu\u00e9 se cancel\u00f3 mi cita?<\/strong><\/p>\n<p>Estaremos revisando la lista cada noche y cancelaremos su cita si no es mayor de 65 a\u00f1os de edad o m\u00e1s o si no cumple con los requisitos espec\u00edficos de elegibilidad enumerados al lado de la informaci\u00f3n de la cl\u00ednica arriba. <strong>Aun con una confirmaci\u00f3n generada autom\u00e1ticamente por el sistema, la cita ser\u00e1 cancelada si no cumple con el requisito cuando se llegue la cita.<\/strong><\/p>\n","protected":false},"excerpt":{"rendered":"<p>Ahora Hay Citas Para La Vacuna COVID-19 Disponibles En Nuestro Sitio Web Para Personas Que Son Elegibles. Oportunidades de Vacunaci\u00f3n en las Cl\u00ednicas de Vacunas COVID-19 &nbsp; Lea nuestra secci\u00f3n [&hellip;]<\/p>\n","protected":false},"author":134,"featured_media":0,"parent":0,"menu_order":0,"comment_status":"closed","ping_status":"closed","template":"","meta":{"_lmt_disableupdate":"","_lmt_disable":"","footnotes":""},"tags":[],"class_list":["post-1270","page","type-page","status-publish","hentry"],"yoast_head":"<!-- This site is optimized with the Yoast SEO plugin v27.4 - https:\/\/yoast.com\/product\/yoast-seo-wordpress\/ -->\n<title>Informaci\u00f3n\/programaci\u00f3n de la primera dosis - Central Shenandoah Health District<\/title>\n<meta name=\"robots\" content=\"index, follow, max-snippet:-1, max-image-preview:large, max-video-preview:-1\" \/>\n<link rel=\"canonical\" href=\"https:\/\/www.vdh.virginia.gov\/central-shenandoah\/citas-para-la-vacuna-covid-19\/\" \/>\n<meta property=\"og:locale\" content=\"en_US\" \/>\n<meta property=\"og:type\" content=\"article\" \/>\n<meta property=\"og:title\" content=\"Informaci\u00f3n\/programaci\u00f3n de la primera dosis - Central Shenandoah Health District\" \/>\n<meta property=\"og:description\" content=\"Ahora Hay Citas Para La Vacuna COVID-19 Disponibles En Nuestro Sitio Web Para Personas Que Son Elegibles. Oportunidades de Vacunaci\u00f3n en las Cl\u00ednicas de Vacunas COVID-19 &nbsp; Lea nuestra secci\u00f3n [&hellip;]\" \/>\n<meta property=\"og:url\" content=\"https:\/\/www.vdh.virginia.gov\/central-shenandoah\/citas-para-la-vacuna-covid-19\/\" \/>\n<meta property=\"og:site_name\" content=\"Central Shenandoah Health District\" \/>\n<meta property=\"article:modified_time\" content=\"2021-04-19T16:11:54+00:00\" \/>\n<meta name=\"twitter:card\" content=\"summary_large_image\" \/>\n<meta name=\"twitter:label1\" content=\"Est. reading time\" \/>\n\t<meta name=\"twitter:data1\" content=\"9 minutes\" \/>\n<script type=\"application\/ld+json\" class=\"yoast-schema-graph\">{\"@context\":\"https:\\\/\\\/schema.org\",\"@graph\":[{\"@type\":\"WebPage\",\"@id\":\"https:\\\/\\\/www.vdh.virginia.gov\\\/central-shenandoah\\\/citas-para-la-vacuna-covid-19\\\/\",\"url\":\"https:\\\/\\\/www.vdh.virginia.gov\\\/central-shenandoah\\\/citas-para-la-vacuna-covid-19\\\/\",\"name\":\"Informaci\u00f3n\\\/programaci\u00f3n de la primera dosis - Central Shenandoah Health District\",\"isPartOf\":{\"@id\":\"https:\\\/\\\/www.vdh.virginia.gov\\\/central-shenandoah\\\/#website\"},\"datePublished\":\"2021-03-09T18:25:07+00:00\",\"dateModified\":\"2021-04-19T16:11:54+00:00\",\"breadcrumb\":{\"@id\":\"https:\\\/\\\/www.vdh.virginia.gov\\\/central-shenandoah\\\/citas-para-la-vacuna-covid-19\\\/#breadcrumb\"},\"inLanguage\":\"en-US\",\"potentialAction\":[{\"@type\":\"ReadAction\",\"target\":[\"https:\\\/\\\/www.vdh.virginia.gov\\\/central-shenandoah\\\/citas-para-la-vacuna-covid-19\\\/\"]}]},{\"@type\":\"BreadcrumbList\",\"@id\":\"https:\\\/\\\/www.vdh.virginia.gov\\\/central-shenandoah\\\/citas-para-la-vacuna-covid-19\\\/#breadcrumb\",\"itemListElement\":[{\"@type\":\"ListItem\",\"position\":1,\"name\":\"Home\",\"item\":\"https:\\\/\\\/www.vdh.virginia.gov\\\/central-shenandoah\\\/\"},{\"@type\":\"ListItem\",\"position\":2,\"name\":\"Informaci\u00f3n\\\/programaci\u00f3n de la primera dosis\"}]},{\"@type\":\"WebSite\",\"@id\":\"https:\\\/\\\/www.vdh.virginia.gov\\\/central-shenandoah\\\/#website\",\"url\":\"https:\\\/\\\/www.vdh.virginia.gov\\\/central-shenandoah\\\/\",\"name\":\"Central Shenandoah Health District\",\"description\":\"\",\"potentialAction\":[{\"@type\":\"SearchAction\",\"target\":{\"@type\":\"EntryPoint\",\"urlTemplate\":\"https:\\\/\\\/www.vdh.virginia.gov\\\/central-shenandoah\\\/?s={search_term_string}\"},\"query-input\":{\"@type\":\"PropertyValueSpecification\",\"valueRequired\":true,\"valueName\":\"search_term_string\"}}],\"inLanguage\":\"en-US\"}]}<\/script>\n<!-- \/ Yoast SEO plugin. -->","yoast_head_json":{"title":"Informaci\u00f3n\/programaci\u00f3n de la primera dosis - Central Shenandoah Health District","robots":{"index":"index","follow":"follow","max-snippet":"max-snippet:-1","max-image-preview":"max-image-preview:large","max-video-preview":"max-video-preview:-1"},"canonical":"https:\/\/www.vdh.virginia.gov\/central-shenandoah\/citas-para-la-vacuna-covid-19\/","og_locale":"en_US","og_type":"article","og_title":"Informaci\u00f3n\/programaci\u00f3n de la primera dosis - Central Shenandoah Health District","og_description":"Ahora Hay Citas Para La Vacuna COVID-19 Disponibles En Nuestro Sitio Web Para Personas Que Son Elegibles. Oportunidades de Vacunaci\u00f3n en las Cl\u00ednicas de Vacunas COVID-19 &nbsp; Lea nuestra secci\u00f3n [&hellip;]","og_url":"https:\/\/www.vdh.virginia.gov\/central-shenandoah\/citas-para-la-vacuna-covid-19\/","og_site_name":"Central Shenandoah Health District","article_modified_time":"2021-04-19T16:11:54+00:00","twitter_card":"summary_large_image","twitter_misc":{"Est. reading time":"9 minutes"},"schema":{"@context":"https:\/\/schema.org","@graph":[{"@type":"WebPage","@id":"https:\/\/www.vdh.virginia.gov\/central-shenandoah\/citas-para-la-vacuna-covid-19\/","url":"https:\/\/www.vdh.virginia.gov\/central-shenandoah\/citas-para-la-vacuna-covid-19\/","name":"Informaci\u00f3n\/programaci\u00f3n de la primera dosis - Central Shenandoah Health District","isPartOf":{"@id":"https:\/\/www.vdh.virginia.gov\/central-shenandoah\/#website"},"datePublished":"2021-03-09T18:25:07+00:00","dateModified":"2021-04-19T16:11:54+00:00","breadcrumb":{"@id":"https:\/\/www.vdh.virginia.gov\/central-shenandoah\/citas-para-la-vacuna-covid-19\/#breadcrumb"},"inLanguage":"en-US","potentialAction":[{"@type":"ReadAction","target":["https:\/\/www.vdh.virginia.gov\/central-shenandoah\/citas-para-la-vacuna-covid-19\/"]}]},{"@type":"BreadcrumbList","@id":"https:\/\/www.vdh.virginia.gov\/central-shenandoah\/citas-para-la-vacuna-covid-19\/#breadcrumb","itemListElement":[{"@type":"ListItem","position":1,"name":"Home","item":"https:\/\/www.vdh.virginia.gov\/central-shenandoah\/"},{"@type":"ListItem","position":2,"name":"Informaci\u00f3n\/programaci\u00f3n de la primera dosis"}]},{"@type":"WebSite","@id":"https:\/\/www.vdh.virginia.gov\/central-shenandoah\/#website","url":"https:\/\/www.vdh.virginia.gov\/central-shenandoah\/","name":"Central Shenandoah Health District","description":"","potentialAction":[{"@type":"SearchAction","target":{"@type":"EntryPoint","urlTemplate":"https:\/\/www.vdh.virginia.gov\/central-shenandoah\/?s={search_term_string}"},"query-input":{"@type":"PropertyValueSpecification","valueRequired":true,"valueName":"search_term_string"}}],"inLanguage":"en-US"}]}},"_links":{"self":[{"href":"https:\/\/www.vdh.virginia.gov\/central-shenandoah\/wp-json\/wp\/v2\/pages\/1270","targetHints":{"allow":["GET"]}}],"collection":[{"href":"https:\/\/www.vdh.virginia.gov\/central-shenandoah\/wp-json\/wp\/v2\/pages"}],"about":[{"href":"https:\/\/www.vdh.virginia.gov\/central-shenandoah\/wp-json\/wp\/v2\/types\/page"}],"author":[{"embeddable":true,"href":"https:\/\/www.vdh.virginia.gov\/central-shenandoah\/wp-json\/wp\/v2\/users\/134"}],"replies":[{"embeddable":true,"href":"https:\/\/www.vdh.virginia.gov\/central-shenandoah\/wp-json\/wp\/v2\/comments?post=1270"}],"version-history":[{"count":20,"href":"https:\/\/www.vdh.virginia.gov\/central-shenandoah\/wp-json\/wp\/v2\/pages\/1270\/revisions"}],"predecessor-version":[{"id":1457,"href":"https:\/\/www.vdh.virginia.gov\/central-shenandoah\/wp-json\/wp\/v2\/pages\/1270\/revisions\/1457"}],"wp:attachment":[{"href":"https:\/\/www.vdh.virginia.gov\/central-shenandoah\/wp-json\/wp\/v2\/media?parent=1270"}],"wp:term":[{"taxonomy":"post_tag","embeddable":true,"href":"https:\/\/www.vdh.virginia.gov\/central-shenandoah\/wp-json\/wp\/v2\/tags?post=1270"}],"curies":[{"name":"wp","href":"https:\/\/api.w.org\/{rel}","templated":true}]}}