{"id":3141,"date":"2025-08-27T13:43:38","date_gmt":"2025-08-27T17:43:38","guid":{"rendered":"https:\/\/www.vdh.virginia.gov\/norfolk\/?page_id=3141"},"modified":"2025-09-10T08:33:14","modified_gmt":"2025-09-10T12:33:14","slug":"centro-de-recursos-de-nutricion","status":"publish","type":"page","link":"https:\/\/www.vdh.virginia.gov\/norfolk\/centro-de-recursos-de-nutricion\/","title":{"rendered":"Herramientas para vivir bien"},"content":{"rendered":"<div id=\"pl-3141\"  class=\"panel-layout\" ><div id=\"pg-3141-0\"  class=\"panel-grid panel-has-style\" ><div class=\"panel-row-style panel-row-style-for-3141-0\" ><div id=\"pgc-3141-0-0\"  class=\"panel-grid-cell\" ><div id=\"panel-3141-0-0-0\" class=\"so-panel widget widget_sow-editor panel-first-child panel-last-child\" data-index=\"0\" ><div\n\t\t\t\n\t\t\tclass=\"so-widget-sow-editor so-widget-sow-editor-base\"\n\t\t\t\n\t\t>\n<div class=\"siteorigin-widget-tinymce textwidget\">\n\t<p><a href=\"https:\/\/www.vdh.virginia.gov\/norfolk\/nutrition-resource-center\/\"><img loading=\"lazy\" decoding=\"async\" class=\"wp-image-2884 alignleft\" src=\"https:\/\/www.vdh.virginia.gov\/content\/uploads\/sites\/223\/ChatGPT-Image-Aug-11-2025-10_51_16-PM-150x150.png\" alt=\"\" width=\"35\" height=\"35\" \/><\/a><\/p>\n<\/div>\n<\/div><\/div><\/div><div id=\"pgc-3141-0-1\"  class=\"panel-grid-cell\" ><div id=\"panel-3141-0-1-0\" class=\"so-panel widget widget_sow-editor panel-first-child panel-last-child\" data-index=\"1\" ><div class=\"panel-widget-style panel-widget-style-for-3141-0-1-0\" ><div\n\t\t\t\n\t\t\tclass=\"so-widget-sow-editor so-widget-sow-editor-base\"\n\t\t\t\n\t\t>\n<div class=\"siteorigin-widget-tinymce textwidget\">\n\t<p><a href=\"https:\/\/www.vdh.virginia.gov\/norfolk\/wic-women-infants-and-children\/\">Inicio WIC<\/a><\/p>\n<\/div>\n<\/div><\/div><\/div><\/div><div id=\"pgc-3141-0-2\"  class=\"panel-grid-cell\" ><div id=\"panel-3141-0-2-0\" class=\"so-panel widget widget_sow-editor panel-first-child panel-last-child\" data-index=\"2\" ><div\n\t\t\t\n\t\t\tclass=\"so-widget-sow-editor so-widget-sow-editor-base\"\n\t\t\t\n\t\t>\n<div class=\"siteorigin-widget-tinymce textwidget\">\n\t<hr \/>\n<\/div>\n<\/div><\/div><\/div><div id=\"pgc-3141-0-3\"  class=\"panel-grid-cell\" ><div id=\"panel-3141-0-3-0\" class=\"so-panel widget widget_sow-button panel-first-child panel-last-child\" data-index=\"3\" ><div\n\t\t\t\n\t\t\tclass=\"so-widget-sow-button so-widget-sow-button-atom-d3ec06367f33-3141\"\n\t\t\t\n\t\t><div class=\"ow-button-base ow-button-align-center\"\n>\n\t\t\t<a\n\t\t\t\t\thref=\"https:\/\/www.vdh.virginia.gov\/norfolk\/nutrition-resource-center\/\"\n\t\t\t\t\tclass=\"sowb-button ow-icon-placement-left ow-button-hover\" \t>\n\t\t<span>\n\t\t\t\n\t\t\tEnglish\t\t<\/span>\n\t\t\t<\/a>\n\t<\/div>\n<\/div><\/div><\/div><\/div><\/div><div id=\"pg-3141-1\"  class=\"panel-grid panel-no-style\" ><div id=\"pgc-3141-1-0\"  class=\"panel-grid-cell\" ><div id=\"panel-3141-1-0-0\" class=\"so-panel widget widget_sow-image panel-first-child panel-last-child\" data-index=\"4\" ><div\n\t\t\t\n\t\t\tclass=\"so-widget-sow-image so-widget-sow-image-default-8b5b6f678277-3141\"\n\t\t\t\n\t\t>\n<div class=\"sow-image-container\">\n\t\t<img \n\tsrc=\"https:\/\/www.vdh.virginia.gov\/content\/uploads\/sites\/223\/mother-infant.jpg\" width=\"1229\" height=\"446\" srcset=\"https:\/\/www.vdh.virginia.gov\/content\/uploads\/sites\/223\/mother-infant.jpg 1229w, https:\/\/www.vdh.virginia.gov\/content\/uploads\/sites\/223\/mother-infant-300x109.jpg 300w, https:\/\/www.vdh.virginia.gov\/content\/uploads\/sites\/223\/mother-infant-1024x372.jpg 1024w, https:\/\/www.vdh.virginia.gov\/content\/uploads\/sites\/223\/mother-infant-768x279.jpg 768w\" sizes=\"(max-width: 1229px) 100vw, 1229px\" alt=\"\" \t\tclass=\"so-widget-image\"\/>\n\t<\/div>\n\n<\/div><\/div><\/div><\/div><div id=\"pg-3141-2\"  class=\"panel-grid panel-no-style\" ><div id=\"pgc-3141-2-0\"  class=\"panel-grid-cell\" ><div id=\"panel-3141-2-0-0\" class=\"so-panel widget widget_sow-editor panel-first-child panel-last-child\" data-index=\"5\" ><div\n\t\t\t\n\t\t\tclass=\"so-widget-sow-editor so-widget-sow-editor-base\"\n\t\t\t\n\t\t>\n<div class=\"siteorigin-widget-tinymce textwidget\">\n\t<p>Explora este centro de recursos digitales para obtener orientaci\u00f3n experta sobre nutrici\u00f3n, embarazo, cuidado posparto, lactancia materna, salud familiar, desarrollo infantil y planificaci\u00f3n de comidas. Hemos reunido una colecci\u00f3n de recursos educativos dise\u00f1ados para brindarte consejos pr\u00e1cticos, informaci\u00f3n confiable y la confianza para tomar decisiones saludables para ti y tu familia, en cualquier momento y lugar.<\/p>\n<\/div>\n<\/div><\/div><\/div><\/div><div id=\"pg-3141-3\"  class=\"panel-grid panel-no-style\" ><div id=\"pgc-3141-3-0\"  class=\"panel-grid-cell\" ><div id=\"panel-3141-3-0-0\" class=\"so-panel widget widget_sow-image panel-first-child\" data-index=\"6\" ><div\n\t\t\t\n\t\t\tclass=\"so-widget-sow-image so-widget-sow-image-default-8b5b6f678277-3141\"\n\t\t\t\n\t\t>\n<div class=\"sow-image-container\">\n\t\t\t<a href=\"https:\/\/www.vdh.virginia.gov\/norfolk\/nutricion-familiar\/\"\n\t\t\t\t\t>\n\t\t\t<img \n\tsrc=\"https:\/\/www.vdh.virginia.gov\/content\/uploads\/sites\/223\/family-circle.jpg\" width=\"565\" height=\"565\" srcset=\"https:\/\/www.vdh.virginia.gov\/content\/uploads\/sites\/223\/family-circle.jpg 565w, https:\/\/www.vdh.virginia.gov\/content\/uploads\/sites\/223\/family-circle-300x300.jpg 300w, https:\/\/www.vdh.virginia.gov\/content\/uploads\/sites\/223\/family-circle-150x150.jpg 150w, https:\/\/www.vdh.virginia.gov\/content\/uploads\/sites\/223\/family-circle-375x375.jpg 375w\" sizes=\"(max-width: 565px) 100vw, 565px\" alt=\"NUTRICI\u00d3N FAMILIAR\" \t\tclass=\"so-widget-image\"\/>\n\t\t\t<\/a><\/div>\n\n<\/div><\/div><div id=\"panel-3141-3-0-1\" class=\"so-panel widget widget_sow-editor panel-last-child\" data-index=\"7\" ><div\n\t\t\t\n\t\t\tclass=\"so-widget-sow-editor so-widget-sow-editor-base\"\n\t\t\t\n\t\t>\n<div class=\"siteorigin-widget-tinymce textwidget\">\n\t<h3 style=\"text-align: center;\"><a href=\"https:\/\/www.vdh.virginia.gov\/norfolk\/nutricion-familiar\/\">NUTRICI\u00d3N FAMILIAR<\/a><\/h3>\n<\/div>\n<\/div><\/div><\/div><div id=\"pgc-3141-3-1\"  class=\"panel-grid-cell\" ><div id=\"panel-3141-3-1-0\" class=\"so-panel widget widget_sow-image panel-first-child\" data-index=\"8\" ><div\n\t\t\t\n\t\t\tclass=\"so-widget-sow-image so-widget-sow-image-default-8b5b6f678277-3141\"\n\t\t\t\n\t\t>\n<div class=\"sow-image-container\">\n\t\t\t<a href=\"https:\/\/www.vdh.virginia.gov\/norfolk\/nutricion-infantil\/\"\n\t\t\t\t\t>\n\t\t\t<img \n\tsrc=\"https:\/\/www.vdh.virginia.gov\/content\/uploads\/sites\/223\/child-circle.jpg\" width=\"565\" height=\"565\" srcset=\"https:\/\/www.vdh.virginia.gov\/content\/uploads\/sites\/223\/child-circle.jpg 565w, https:\/\/www.vdh.virginia.gov\/content\/uploads\/sites\/223\/child-circle-300x300.jpg 300w, https:\/\/www.vdh.virginia.gov\/content\/uploads\/sites\/223\/child-circle-150x150.jpg 150w, https:\/\/www.vdh.virginia.gov\/content\/uploads\/sites\/223\/child-circle-375x375.jpg 375w\" sizes=\"(max-width: 565px) 100vw, 565px\" alt=\"NUTRICI\u00d3N INFANTIL\" \t\tclass=\"so-widget-image\"\/>\n\t\t\t<\/a><\/div>\n\n<\/div><\/div><div id=\"panel-3141-3-1-1\" class=\"so-panel widget widget_sow-editor panel-last-child\" data-index=\"9\" ><div\n\t\t\t\n\t\t\tclass=\"so-widget-sow-editor so-widget-sow-editor-base\"\n\t\t\t\n\t\t>\n<div class=\"siteorigin-widget-tinymce textwidget\">\n\t<h3 style=\"text-align: center;\"><a href=\"https:\/\/www.vdh.virginia.gov\/norfolk\/nutricion-infantil\/\">NUTRICI\u00d3N INFANTIL<\/a><\/h3>\n<\/div>\n<\/div><\/div><\/div><div id=\"pgc-3141-3-2\"  class=\"panel-grid-cell\" ><div id=\"panel-3141-3-2-0\" class=\"so-panel widget widget_sow-image panel-first-child\" data-index=\"10\" ><div\n\t\t\t\n\t\t\tclass=\"so-widget-sow-image so-widget-sow-image-default-8b5b6f678277-3141\"\n\t\t\t\n\t\t>\n<div class=\"sow-image-container\">\n\t\t\t<a href=\"https:\/\/www.vdh.virginia.gov\/norfolk\/preparacion-de-comidas\/\"\n\t\t\t\t\t>\n\t\t\t<img \n\tsrc=\"https:\/\/www.vdh.virginia.gov\/content\/uploads\/sites\/223\/meal-prep-circle.jpg\" width=\"565\" height=\"565\" srcset=\"https:\/\/www.vdh.virginia.gov\/content\/uploads\/sites\/223\/meal-prep-circle.jpg 565w, https:\/\/www.vdh.virginia.gov\/content\/uploads\/sites\/223\/meal-prep-circle-300x300.jpg 300w, https:\/\/www.vdh.virginia.gov\/content\/uploads\/sites\/223\/meal-prep-circle-150x150.jpg 150w, https:\/\/www.vdh.virginia.gov\/content\/uploads\/sites\/223\/meal-prep-circle-375x375.jpg 375w\" sizes=\"(max-width: 565px) 100vw, 565px\" alt=\"PREPARACI\u00d3N DE COMIDAS\" \t\tclass=\"so-widget-image\"\/>\n\t\t\t<\/a><\/div>\n\n<\/div><\/div><div id=\"panel-3141-3-2-1\" class=\"so-panel widget widget_sow-editor panel-last-child\" data-index=\"11\" ><div\n\t\t\t\n\t\t\tclass=\"so-widget-sow-editor so-widget-sow-editor-base\"\n\t\t\t\n\t\t>\n<div class=\"siteorigin-widget-tinymce textwidget\">\n\t<h3 style=\"text-align: center;\"><a href=\"https:\/\/www.vdh.virginia.gov\/norfolk\/preparacion-de-comidas\/\">PREPARACI\u00d3N DE COMIDAS<\/a><\/h3>\n<\/div>\n<\/div><\/div><\/div><\/div><div id=\"pg-3141-4\"  class=\"panel-grid panel-no-style\" ><div id=\"pgc-3141-4-0\"  class=\"panel-grid-cell\" ><div id=\"panel-3141-4-0-0\" class=\"so-panel widget widget_sow-image panel-first-child\" data-index=\"12\" ><div\n\t\t\t\n\t\t\tclass=\"so-widget-sow-image so-widget-sow-image-default-8b5b6f678277-3141\"\n\t\t\t\n\t\t>\n<div class=\"sow-image-container\">\n\t\t\t<a href=\"https:\/\/www.vdh.virginia.gov\/norfolk\/recetas\/\"\n\t\t\t\t\t>\n\t\t\t<img \n\tsrc=\"https:\/\/www.vdh.virginia.gov\/content\/uploads\/sites\/223\/recipes-circle.jpg\" width=\"565\" height=\"565\" srcset=\"https:\/\/www.vdh.virginia.gov\/content\/uploads\/sites\/223\/recipes-circle.jpg 565w, https:\/\/www.vdh.virginia.gov\/content\/uploads\/sites\/223\/recipes-circle-300x300.jpg 300w, https:\/\/www.vdh.virginia.gov\/content\/uploads\/sites\/223\/recipes-circle-150x150.jpg 150w, https:\/\/www.vdh.virginia.gov\/content\/uploads\/sites\/223\/recipes-circle-375x375.jpg 375w\" sizes=\"(max-width: 565px) 100vw, 565px\" alt=\"RECETAS\" \t\tclass=\"so-widget-image\"\/>\n\t\t\t<\/a><\/div>\n\n<\/div><\/div><div id=\"panel-3141-4-0-1\" class=\"so-panel widget widget_sow-editor panel-last-child\" data-index=\"13\" ><div\n\t\t\t\n\t\t\tclass=\"so-widget-sow-editor so-widget-sow-editor-base\"\n\t\t\t\n\t\t>\n<div class=\"siteorigin-widget-tinymce textwidget\">\n\t<h3 style=\"text-align: center;\"><a href=\"https:\/\/www.vdh.virginia.gov\/norfolk\/recetas\/\" target=\"_blank\" rel=\"noopener\">RECETAS<\/a><\/h3>\n<\/div>\n<\/div><\/div><\/div><div id=\"pgc-3141-4-1\"  class=\"panel-grid-cell\" ><div id=\"panel-3141-4-1-0\" class=\"so-panel widget widget_sow-image panel-first-child\" data-index=\"14\" ><div\n\t\t\t\n\t\t\tclass=\"so-widget-sow-image so-widget-sow-image-default-8b5b6f678277-3141\"\n\t\t\t\n\t\t>\n<div class=\"sow-image-container\">\n\t\t\t<a href=\"https:\/\/www.vdh.virginia.gov\/norfolk\/embarazo-y-posparto\/\"\n\t\t\t\t\t>\n\t\t\t<img \n\tsrc=\"https:\/\/www.vdh.virginia.gov\/content\/uploads\/sites\/223\/pregnancy-circle.jpg\" width=\"565\" height=\"565\" srcset=\"https:\/\/www.vdh.virginia.gov\/content\/uploads\/sites\/223\/pregnancy-circle.jpg 565w, https:\/\/www.vdh.virginia.gov\/content\/uploads\/sites\/223\/pregnancy-circle-300x300.jpg 300w, https:\/\/www.vdh.virginia.gov\/content\/uploads\/sites\/223\/pregnancy-circle-150x150.jpg 150w, https:\/\/www.vdh.virginia.gov\/content\/uploads\/sites\/223\/pregnancy-circle-375x375.jpg 375w\" sizes=\"(max-width: 565px) 100vw, 565px\" alt=\"EMBARAZO Y POSPARTO\" \t\tclass=\"so-widget-image\"\/>\n\t\t\t<\/a><\/div>\n\n<\/div><\/div><div id=\"panel-3141-4-1-1\" class=\"so-panel widget widget_sow-editor panel-last-child\" data-index=\"15\" ><div\n\t\t\t\n\t\t\tclass=\"so-widget-sow-editor so-widget-sow-editor-base\"\n\t\t\t\n\t\t>\n<div class=\"siteorigin-widget-tinymce textwidget\">\n\t<h3 style=\"text-align: center;\"><a href=\"https:\/\/www.vdh.virginia.gov\/norfolk\/embarazo-y-posparto\/\">EMBARAZO Y POSPARTO<\/a><\/h3>\n<\/div>\n<\/div><\/div><\/div><div id=\"pgc-3141-4-2\"  class=\"panel-grid-cell\" ><div id=\"panel-3141-4-2-0\" class=\"so-panel widget widget_sow-image panel-first-child\" data-index=\"16\" ><div\n\t\t\t\n\t\t\tclass=\"so-widget-sow-image so-widget-sow-image-default-8b5b6f678277-3141\"\n\t\t\t\n\t\t>\n<div class=\"sow-image-container\">\n\t\t\t<a href=\"https:\/\/www.vdh.virginia.gov\/norfolk\/lactancia-materna\/\"\n\t\t\t\t\t>\n\t\t\t<img \n\tsrc=\"https:\/\/www.vdh.virginia.gov\/content\/uploads\/sites\/223\/breastfeeding-circle.jpg\" width=\"565\" height=\"565\" srcset=\"https:\/\/www.vdh.virginia.gov\/content\/uploads\/sites\/223\/breastfeeding-circle.jpg 565w, https:\/\/www.vdh.virginia.gov\/content\/uploads\/sites\/223\/breastfeeding-circle-300x300.jpg 300w, https:\/\/www.vdh.virginia.gov\/content\/uploads\/sites\/223\/breastfeeding-circle-150x150.jpg 150w, https:\/\/www.vdh.virginia.gov\/content\/uploads\/sites\/223\/breastfeeding-circle-375x375.jpg 375w\" sizes=\"(max-width: 565px) 100vw, 565px\" alt=\"LACTANCIA MATERNA\" \t\tclass=\"so-widget-image\"\/>\n\t\t\t<\/a><\/div>\n\n<\/div><\/div><div id=\"panel-3141-4-2-1\" class=\"so-panel widget widget_sow-editor panel-last-child\" data-index=\"17\" ><div\n\t\t\t\n\t\t\tclass=\"so-widget-sow-editor so-widget-sow-editor-base\"\n\t\t\t\n\t\t>\n<div class=\"siteorigin-widget-tinymce textwidget\">\n\t<h3 style=\"text-align: center;\"><a href=\"https:\/\/www.vdh.virginia.gov\/norfolk\/lactancia-materna\/\">LACTANCIA MATERNA<\/a><\/h3>\n<\/div>\n<\/div><\/div><\/div><\/div><\/div>","protected":false},"excerpt":{"rendered":"<p>Inicio WIC<\/p>\n","protected":false},"author":670,"featured_media":0,"parent":0,"menu_order":0,"comment_status":"closed","ping_status":"closed","template":"","meta":{"_lmt_disableupdate":"no","_lmt_disable":"","footnotes":""},"tags":[],"class_list":["post-3141","page","type-page","status-publish","hentry"],"yoast_head":"<!-- This site is optimized with the Yoast SEO plugin v27.3 - https:\/\/yoast.com\/product\/yoast-seo-wordpress\/ -->\n<title>Herramientas para vivir bien - Norfolk Health Department<\/title>\n<meta name=\"robots\" content=\"index, follow, max-snippet:-1, max-image-preview:large, max-video-preview:-1\" \/>\n<link rel=\"canonical\" href=\"https:\/\/www.vdh.virginia.gov\/norfolk\/centro-de-recursos-de-nutricion\/\" \/>\n<meta property=\"og:locale\" content=\"en_US\" \/>\n<meta property=\"og:type\" content=\"article\" \/>\n<meta property=\"og:title\" content=\"Herramientas para vivir bien - Norfolk Health Department\" \/>\n<meta property=\"og:description\" content=\"Inicio WIC\" \/>\n<meta property=\"og:url\" content=\"https:\/\/www.vdh.virginia.gov\/norfolk\/centro-de-recursos-de-nutricion\/\" \/>\n<meta property=\"og:site_name\" content=\"Norfolk Health Department\" \/>\n<meta property=\"article:modified_time\" content=\"2025-09-10T12:33:14+00:00\" \/>\n<meta property=\"og:image\" content=\"https:\/\/www.vdh.virginia.gov\/content\/uploads\/sites\/223\/ChatGPT-Image-Aug-11-2025-10_51_16-PM-e1754967122616.png\" \/>\n\t<meta property=\"og:image:width\" content=\"200\" \/>\n\t<meta property=\"og:image:height\" content=\"200\" \/>\n\t<meta property=\"og:image:type\" content=\"image\/png\" \/>\n<meta name=\"twitter:card\" content=\"summary_large_image\" \/>\n<meta name=\"twitter:label1\" content=\"Est. reading time\" \/>\n\t<meta name=\"twitter:data1\" content=\"1 minute\" \/>\n<script type=\"application\/ld+json\" class=\"yoast-schema-graph\">{\"@context\":\"https:\\\/\\\/schema.org\",\"@graph\":[{\"@type\":\"WebPage\",\"@id\":\"https:\\\/\\\/www.vdh.virginia.gov\\\/norfolk\\\/centro-de-recursos-de-nutricion\\\/\",\"url\":\"https:\\\/\\\/www.vdh.virginia.gov\\\/norfolk\\\/centro-de-recursos-de-nutricion\\\/\",\"name\":\"Herramientas para vivir bien - Norfolk Health Department\",\"isPartOf\":{\"@id\":\"https:\\\/\\\/www.vdh.virginia.gov\\\/norfolk\\\/#website\"},\"primaryImageOfPage\":{\"@id\":\"https:\\\/\\\/www.vdh.virginia.gov\\\/norfolk\\\/centro-de-recursos-de-nutricion\\\/#primaryimage\"},\"image\":{\"@id\":\"https:\\\/\\\/www.vdh.virginia.gov\\\/norfolk\\\/centro-de-recursos-de-nutricion\\\/#primaryimage\"},\"thumbnailUrl\":\"https:\\\/\\\/www.vdh.virginia.gov\\\/content\\\/uploads\\\/sites\\\/223\\\/ChatGPT-Image-Aug-11-2025-10_51_16-PM-150x150.png\",\"datePublished\":\"2025-08-27T17:43:38+00:00\",\"dateModified\":\"2025-09-10T12:33:14+00:00\",\"breadcrumb\":{\"@id\":\"https:\\\/\\\/www.vdh.virginia.gov\\\/norfolk\\\/centro-de-recursos-de-nutricion\\\/#breadcrumb\"},\"inLanguage\":\"en-US\",\"potentialAction\":[{\"@type\":\"ReadAction\",\"target\":[\"https:\\\/\\\/www.vdh.virginia.gov\\\/norfolk\\\/centro-de-recursos-de-nutricion\\\/\"]}]},{\"@type\":\"ImageObject\",\"inLanguage\":\"en-US\",\"@id\":\"https:\\\/\\\/www.vdh.virginia.gov\\\/norfolk\\\/centro-de-recursos-de-nutricion\\\/#primaryimage\",\"url\":\"https:\\\/\\\/www.vdh.virginia.gov\\\/content\\\/uploads\\\/sites\\\/223\\\/ChatGPT-Image-Aug-11-2025-10_51_16-PM-150x150.png\",\"contentUrl\":\"https:\\\/\\\/www.vdh.virginia.gov\\\/content\\\/uploads\\\/sites\\\/223\\\/ChatGPT-Image-Aug-11-2025-10_51_16-PM-150x150.png\"},{\"@type\":\"BreadcrumbList\",\"@id\":\"https:\\\/\\\/www.vdh.virginia.gov\\\/norfolk\\\/centro-de-recursos-de-nutricion\\\/#breadcrumb\",\"itemListElement\":[{\"@type\":\"ListItem\",\"position\":1,\"name\":\"Home\",\"item\":\"https:\\\/\\\/www.vdh.virginia.gov\\\/norfolk\\\/\"},{\"@type\":\"ListItem\",\"position\":2,\"name\":\"Herramientas para vivir bien\"}]},{\"@type\":\"WebSite\",\"@id\":\"https:\\\/\\\/www.vdh.virginia.gov\\\/norfolk\\\/#website\",\"url\":\"https:\\\/\\\/www.vdh.virginia.gov\\\/norfolk\\\/\",\"name\":\"Norfolk Health Department\",\"description\":\"\",\"potentialAction\":[{\"@type\":\"SearchAction\",\"target\":{\"@type\":\"EntryPoint\",\"urlTemplate\":\"https:\\\/\\\/www.vdh.virginia.gov\\\/norfolk\\\/?s={search_term_string}\"},\"query-input\":{\"@type\":\"PropertyValueSpecification\",\"valueRequired\":true,\"valueName\":\"search_term_string\"}}],\"inLanguage\":\"en-US\"}]}<\/script>\n<!-- \/ Yoast SEO plugin. -->","yoast_head_json":{"title":"Herramientas para vivir bien - Norfolk Health Department","robots":{"index":"index","follow":"follow","max-snippet":"max-snippet:-1","max-image-preview":"max-image-preview:large","max-video-preview":"max-video-preview:-1"},"canonical":"https:\/\/www.vdh.virginia.gov\/norfolk\/centro-de-recursos-de-nutricion\/","og_locale":"en_US","og_type":"article","og_title":"Herramientas para vivir bien - Norfolk Health Department","og_description":"Inicio WIC","og_url":"https:\/\/www.vdh.virginia.gov\/norfolk\/centro-de-recursos-de-nutricion\/","og_site_name":"Norfolk Health Department","article_modified_time":"2025-09-10T12:33:14+00:00","og_image":[{"width":200,"height":200,"url":"https:\/\/www.vdh.virginia.gov\/content\/uploads\/sites\/223\/ChatGPT-Image-Aug-11-2025-10_51_16-PM-e1754967122616.png","type":"image\/png"}],"twitter_card":"summary_large_image","twitter_misc":{"Est. reading time":"1 minute"},"schema":{"@context":"https:\/\/schema.org","@graph":[{"@type":"WebPage","@id":"https:\/\/www.vdh.virginia.gov\/norfolk\/centro-de-recursos-de-nutricion\/","url":"https:\/\/www.vdh.virginia.gov\/norfolk\/centro-de-recursos-de-nutricion\/","name":"Herramientas para vivir bien - Norfolk Health Department","isPartOf":{"@id":"https:\/\/www.vdh.virginia.gov\/norfolk\/#website"},"primaryImageOfPage":{"@id":"https:\/\/www.vdh.virginia.gov\/norfolk\/centro-de-recursos-de-nutricion\/#primaryimage"},"image":{"@id":"https:\/\/www.vdh.virginia.gov\/norfolk\/centro-de-recursos-de-nutricion\/#primaryimage"},"thumbnailUrl":"https:\/\/www.vdh.virginia.gov\/content\/uploads\/sites\/223\/ChatGPT-Image-Aug-11-2025-10_51_16-PM-150x150.png","datePublished":"2025-08-27T17:43:38+00:00","dateModified":"2025-09-10T12:33:14+00:00","breadcrumb":{"@id":"https:\/\/www.vdh.virginia.gov\/norfolk\/centro-de-recursos-de-nutricion\/#breadcrumb"},"inLanguage":"en-US","potentialAction":[{"@type":"ReadAction","target":["https:\/\/www.vdh.virginia.gov\/norfolk\/centro-de-recursos-de-nutricion\/"]}]},{"@type":"ImageObject","inLanguage":"en-US","@id":"https:\/\/www.vdh.virginia.gov\/norfolk\/centro-de-recursos-de-nutricion\/#primaryimage","url":"https:\/\/www.vdh.virginia.gov\/content\/uploads\/sites\/223\/ChatGPT-Image-Aug-11-2025-10_51_16-PM-150x150.png","contentUrl":"https:\/\/www.vdh.virginia.gov\/content\/uploads\/sites\/223\/ChatGPT-Image-Aug-11-2025-10_51_16-PM-150x150.png"},{"@type":"BreadcrumbList","@id":"https:\/\/www.vdh.virginia.gov\/norfolk\/centro-de-recursos-de-nutricion\/#breadcrumb","itemListElement":[{"@type":"ListItem","position":1,"name":"Home","item":"https:\/\/www.vdh.virginia.gov\/norfolk\/"},{"@type":"ListItem","position":2,"name":"Herramientas para vivir bien"}]},{"@type":"WebSite","@id":"https:\/\/www.vdh.virginia.gov\/norfolk\/#website","url":"https:\/\/www.vdh.virginia.gov\/norfolk\/","name":"Norfolk Health Department","description":"","potentialAction":[{"@type":"SearchAction","target":{"@type":"EntryPoint","urlTemplate":"https:\/\/www.vdh.virginia.gov\/norfolk\/?s={search_term_string}"},"query-input":{"@type":"PropertyValueSpecification","valueRequired":true,"valueName":"search_term_string"}}],"inLanguage":"en-US"}]}},"_links":{"self":[{"href":"https:\/\/www.vdh.virginia.gov\/norfolk\/wp-json\/wp\/v2\/pages\/3141","targetHints":{"allow":["GET"]}}],"collection":[{"href":"https:\/\/www.vdh.virginia.gov\/norfolk\/wp-json\/wp\/v2\/pages"}],"about":[{"href":"https:\/\/www.vdh.virginia.gov\/norfolk\/wp-json\/wp\/v2\/types\/page"}],"author":[{"embeddable":true,"href":"https:\/\/www.vdh.virginia.gov\/norfolk\/wp-json\/wp\/v2\/users\/670"}],"replies":[{"embeddable":true,"href":"https:\/\/www.vdh.virginia.gov\/norfolk\/wp-json\/wp\/v2\/comments?post=3141"}],"version-history":[{"count":12,"href":"https:\/\/www.vdh.virginia.gov\/norfolk\/wp-json\/wp\/v2\/pages\/3141\/revisions"}],"predecessor-version":[{"id":3149,"href":"https:\/\/www.vdh.virginia.gov\/norfolk\/wp-json\/wp\/v2\/pages\/3141\/revisions\/3149"}],"wp:attachment":[{"href":"https:\/\/www.vdh.virginia.gov\/norfolk\/wp-json\/wp\/v2\/media?parent=3141"}],"wp:term":[{"taxonomy":"post_tag","embeddable":true,"href":"https:\/\/www.vdh.virginia.gov\/norfolk\/wp-json\/wp\/v2\/tags?post=3141"}],"curies":[{"name":"wp","href":"https:\/\/api.w.org\/{rel}","templated":true}]}}