{"id":3305,"date":"2025-09-02T23:43:44","date_gmt":"2025-09-03T03:43:44","guid":{"rendered":"https:\/\/www.vdh.virginia.gov\/norfolk\/?page_id=3305"},"modified":"2025-12-17T09:41:12","modified_gmt":"2025-12-17T14:41:12","slug":"embarazo-y-posparto","status":"publish","type":"page","link":"https:\/\/www.vdh.virginia.gov\/norfolk\/embarazo-y-posparto\/","title":{"rendered":"Embarazo y posparto"},"content":{"rendered":"<div id=\"pl-3305\"  class=\"panel-layout\" ><div id=\"pg-3305-0\"  class=\"panel-grid panel-no-style\" ><div id=\"pgc-3305-0-0\"  class=\"panel-grid-cell\" ><div id=\"panel-3305-0-0-0\" class=\"so-panel widget widget_sow-editor panel-first-child panel-last-child\" data-index=\"0\" ><div class=\"panel-widget-style panel-widget-style-for-3305-0-0-0\" ><div\n\t\t\t\n\t\t\tclass=\"so-widget-sow-editor so-widget-sow-editor-base\"\n\t\t\t\n\t\t><h3 class=\"widget-title\">Cuid\u00e1ndote en cada etapa<\/h3>\n<div class=\"siteorigin-widget-tinymce textwidget\">\n\t<p data-start=\"1195\" data-end=\"1475\">El embarazo trae necesidades \u00fanicas para tu cuerpo, mente y coraz\u00f3n. WIC ofrece orientaci\u00f3n sobre nutrici\u00f3n, movimiento seguro, salud mental, sue\u00f1o y m\u00e1s\u2014adem\u00e1s de recursos compasivos para sanar despu\u00e9s de una p\u00e9rdida. No est\u00e1s sola\u2014estamos aqu\u00ed para ti en cada paso del camino.<\/p>\n<\/div>\n<\/div><\/div><\/div><\/div><\/div><div id=\"pg-3305-1\"  class=\"panel-grid panel-has-style\" ><div class=\"panel-row-style panel-row-style-for-3305-1\" ><div id=\"pgc-3305-1-0\"  class=\"panel-grid-cell\" ><div id=\"panel-3305-1-0-0\" class=\"so-panel widget widget_sow-editor panel-first-child panel-last-child\" data-index=\"1\" ><div\n\t\t\t\n\t\t\tclass=\"so-widget-sow-editor so-widget-sow-editor-base\"\n\t\t\t\n\t\t>\n<div class=\"siteorigin-widget-tinymce textwidget\">\n\t<p><a href=\"https:\/\/www.vdh.virginia.gov\/norfolk\/centro-de-recursos-de-nutricion\/\"><img loading=\"lazy\" decoding=\"async\" class=\"alignleft wp-image-2884\" src=\"https:\/\/www.vdh.virginia.gov\/content\/uploads\/sites\/223\/ChatGPT-Image-Aug-11-2025-10_51_16-PM-150x150.png\" alt=\"\" width=\"35\" height=\"35\" \/><\/a><\/p>\n<\/div>\n<\/div><\/div><\/div><div id=\"pgc-3305-1-1\"  class=\"panel-grid-cell\" ><div id=\"panel-3305-1-1-0\" class=\"so-panel widget widget_sow-editor panel-first-child panel-last-child\" data-index=\"2\" ><div class=\"panel-widget-style panel-widget-style-for-3305-1-1-0\" ><div\n\t\t\t\n\t\t\tclass=\"so-widget-sow-editor so-widget-sow-editor-base\"\n\t\t\t\n\t\t>\n<div class=\"siteorigin-widget-tinymce textwidget\">\n\t<p><a href=\"https:\/\/www.vdh.virginia.gov\/norfolk\/centro-de-recursos-de-nutricion\/\">Men\u00fa principal<\/a><\/p>\n<\/div>\n<\/div><\/div><\/div><\/div><div id=\"pgc-3305-1-2\"  class=\"panel-grid-cell\" ><div id=\"panel-3305-1-2-0\" class=\"so-panel widget widget_sow-editor panel-first-child panel-last-child\" data-index=\"3\" ><div\n\t\t\t\n\t\t\tclass=\"so-widget-sow-editor so-widget-sow-editor-base\"\n\t\t\t\n\t\t>\n<div class=\"siteorigin-widget-tinymce textwidget\">\n\t<hr \/>\n<\/div>\n<\/div><\/div><\/div><\/div><\/div><div id=\"pg-3305-2\"  class=\"panel-grid panel-has-style\" ><div class=\"panel-row-style panel-row-style-for-3305-2\" ><div id=\"pgc-3305-2-0\"  class=\"panel-grid-cell\" ><div id=\"panel-3305-2-0-0\" class=\"so-panel widget widget_media_image panel-first-child panel-last-child\" data-index=\"4\" ><img loading=\"lazy\" decoding=\"async\" width=\"350\" height=\"230\" src=\"https:\/\/www.vdh.virginia.gov\/content\/uploads\/sites\/223\/pregnancy.jpg\" class=\"image wp-image-2743  attachment-full size-full\" alt=\"\" style=\"max-width: 100%; height: auto;\" srcset=\"https:\/\/www.vdh.virginia.gov\/content\/uploads\/sites\/223\/pregnancy.jpg 350w, https:\/\/www.vdh.virginia.gov\/content\/uploads\/sites\/223\/pregnancy-300x197.jpg 300w\" sizes=\"auto, (max-width: 350px) 100vw, 350px\" \/><\/div><\/div><div id=\"pgc-3305-2-1\"  class=\"panel-grid-cell\" ><div id=\"panel-3305-2-1-0\" class=\"so-panel widget widget_sow-editor panel-first-child panel-last-child\" data-index=\"5\" ><div\n\t\t\t\n\t\t\tclass=\"so-widget-sow-editor so-widget-sow-editor-base\"\n\t\t\t\n\t\t><h3 class=\"widget-title\">Embarazo<\/h3>\n<div class=\"siteorigin-widget-tinymce textwidget\">\n\t<p>Aprenda sobre cuidado prenatal, nutrici\u00f3n, movimiento, salud mental, aumento de peso, y m\u00e1s.<\/p>\n<\/div>\n<\/div><\/div><\/div><div id=\"pgc-3305-2-2\"  class=\"panel-grid-cell\" ><div id=\"panel-3305-2-2-0\" class=\"so-panel widget widget_sow-button panel-first-child\" data-index=\"6\" ><div\n\t\t\t\n\t\t\tclass=\"so-widget-sow-button so-widget-sow-button-flat-61bb47762591-3305\"\n\t\t\t\n\t\t><div class=\"ow-button-base ow-button-align-left\"\n>\n\t\t\t<a\n\t\t\t\t\thref=\"https:\/\/www.canva.com\/design\/DAGGvDRrIwM\/a-l5SzEHc6k6aMOCg0Q5BQ\/view?utm_content=DAGGvDRrIwM&#038;utm_campaign=designshare&#038;utm_medium=link&#038;utm_source=editor\"\n\t\t\t\t\tclass=\"sowb-button ow-icon-placement-left ow-button-hover\" target=\"_blank\" rel=\"noopener noreferrer\" \t>\n\t\t<span>\n\t\t\t\n\t\t\tVer presentaci\u00f3n\t\t<\/span>\n\t\t\t<\/a>\n\t<\/div>\n<\/div><\/div><div id=\"panel-3305-2-2-1\" class=\"so-panel widget widget_sow-button\" data-index=\"7\" ><div\n\t\t\t\n\t\t\tclass=\"so-widget-sow-button so-widget-sow-button-flat-61bb47762591-3305\"\n\t\t\t\n\t\t><div class=\"ow-button-base ow-button-align-left\"\n>\n\t\t\t<a\n\t\t\t\t\thref=\"https:\/\/www.canva.com\/design\/DAGFOz5VamA\/wXClJyojOdj2354biFIhfg\/watch?utm_content=DAGFOz5VamA&#038;utm_campaign=designshare&#038;utm_medium=link&#038;utm_source=editor\"\n\t\t\t\t\tclass=\"sowb-button ow-icon-placement-left ow-button-hover\" target=\"_blank\" rel=\"noopener noreferrer\" \t>\n\t\t<span>\n\t\t\t\n\t\t\tVer video\t\t<\/span>\n\t\t\t<\/a>\n\t<\/div>\n<\/div><\/div><div id=\"panel-3305-2-2-2\" class=\"so-panel widget widget_sow-button panel-last-child\" data-index=\"8\" ><div\n\t\t\t\n\t\t\tclass=\"so-widget-sow-button so-widget-sow-button-flat-61bb47762591-3305\"\n\t\t\t\n\t\t><div class=\"ow-button-base ow-button-align-left\"\n>\n\t\t\t<a\n\t\t\t\t\thref=\"https:\/\/www.maricopa.gov\/DocumentCenter\/View\/94133\/\"\n\t\t\t\t\tclass=\"sowb-button ow-icon-placement-left ow-button-hover\" target=\"_blank\" rel=\"noopener noreferrer\" \t>\n\t\t<span>\n\t\t\t\n\t\t\tDescargar gu\u00eda (PDF)\t\t<\/span>\n\t\t\t<\/a>\n\t<\/div>\n<\/div><\/div><\/div><\/div><\/div><div id=\"pg-3305-3\"  class=\"panel-grid panel-has-style\" ><div class=\"panel-row-style panel-row-style-for-3305-3\" ><div id=\"pgc-3305-3-0\"  class=\"panel-grid-cell\" ><div id=\"panel-3305-3-0-0\" class=\"so-panel widget widget_sow-editor panel-first-child panel-last-child\" data-index=\"9\" ><div\n\t\t\t\n\t\t\tclass=\"so-widget-sow-editor so-widget-sow-editor-base\"\n\t\t\t\n\t\t>\n<div class=\"siteorigin-widget-tinymce textwidget\">\n\t<hr \/>\n<\/div>\n<\/div><\/div><\/div><div id=\"pgc-3305-3-1\"  class=\"panel-grid-cell\" ><div id=\"panel-3305-3-1-0\" class=\"so-panel widget widget_sow-editor panel-first-child panel-last-child\" data-index=\"10\" ><div\n\t\t\t\n\t\t\tclass=\"so-widget-sow-editor so-widget-sow-editor-base\"\n\t\t\t\n\t\t>\n<div class=\"siteorigin-widget-tinymce textwidget\">\n\t<p><a href=\"https:\/\/www.vdh.virginia.gov\/norfolk\/nutrition-resource-center\/\"><img loading=\"lazy\" decoding=\"async\" class=\"alignright wp-image-2884\" src=\"https:\/\/www.vdh.virginia.gov\/content\/uploads\/sites\/223\/ChatGPT-Image-Aug-11-2025-10_51_16-PM-150x150.png\" alt=\"\" width=\"35\" height=\"35\" \/><\/a><\/p>\n<\/div>\n<\/div><\/div><\/div><\/div><\/div><div id=\"pg-3305-4\"  class=\"panel-grid panel-has-style\" ><div class=\"panel-row-style panel-row-style-for-3305-4\" ><div id=\"pgc-3305-4-0\"  class=\"panel-grid-cell\" ><div id=\"panel-3305-4-0-0\" class=\"so-panel widget widget_media_image panel-first-child panel-last-child\" data-index=\"11\" ><img loading=\"lazy\" decoding=\"async\" width=\"350\" height=\"230\" src=\"https:\/\/www.vdh.virginia.gov\/content\/uploads\/sites\/223\/postpartum.jpg\" class=\"image wp-image-2742  attachment-full size-full\" alt=\"\" style=\"max-width: 100%; height: auto;\" srcset=\"https:\/\/www.vdh.virginia.gov\/content\/uploads\/sites\/223\/postpartum.jpg 350w, https:\/\/www.vdh.virginia.gov\/content\/uploads\/sites\/223\/postpartum-300x197.jpg 300w\" sizes=\"auto, (max-width: 350px) 100vw, 350px\" \/><\/div><\/div><div id=\"pgc-3305-4-1\"  class=\"panel-grid-cell\" ><div id=\"panel-3305-4-1-0\" class=\"so-panel widget widget_sow-editor panel-first-child panel-last-child\" data-index=\"12\" ><div\n\t\t\t\n\t\t\tclass=\"so-widget-sow-editor so-widget-sow-editor-base\"\n\t\t\t\n\t\t><h3 class=\"widget-title\">Postparto<\/h3>\n<div class=\"siteorigin-widget-tinymce textwidget\">\n\t<p>Aprenda sobre el cuidado posparto, nutrici\u00f3n, movimiento, apoyo, salud mental, sue\u00f1o y m\u00e1s.<\/p>\n<\/div>\n<\/div><\/div><\/div><div id=\"pgc-3305-4-2\"  class=\"panel-grid-cell\" ><div id=\"panel-3305-4-2-0\" class=\"so-panel widget widget_sow-button panel-first-child\" data-index=\"13\" ><div\n\t\t\t\n\t\t\tclass=\"so-widget-sow-button so-widget-sow-button-flat-61bb47762591-3305\"\n\t\t\t\n\t\t><div class=\"ow-button-base ow-button-align-left\"\n>\n\t\t\t<a\n\t\t\t\t\thref=\"https:\/\/www.canva.com\/design\/DAGGvJ8q_tE\/fYrxNd96CUUS09_kC0jCEQ\/view?utm_content=DAGGvJ8q_tE&#038;utm_campaign=designshare&#038;utm_medium=link&#038;utm_source=editor\"\n\t\t\t\t\tclass=\"sowb-button ow-icon-placement-left ow-button-hover\" target=\"_blank\" rel=\"noopener noreferrer\" \t>\n\t\t<span>\n\t\t\t\n\t\t\tVer presentaci\u00f3n\t\t<\/span>\n\t\t\t<\/a>\n\t<\/div>\n<\/div><\/div><div id=\"panel-3305-4-2-1\" class=\"so-panel widget widget_sow-button\" data-index=\"14\" ><div\n\t\t\t\n\t\t\tclass=\"so-widget-sow-button so-widget-sow-button-flat-61bb47762591-3305\"\n\t\t\t\n\t\t><div class=\"ow-button-base ow-button-align-left\"\n>\n\t\t\t<a\n\t\t\t\t\thref=\"https:\/\/www.canva.com\/design\/DAGFOx52kYE\/8azIb63as_9ZmyU-hptw0A\/watch?utm_content=DAGFOx52kYE&#038;utm_campaign=designshare&#038;utm_medium=link&#038;utm_source=editor\"\n\t\t\t\t\tclass=\"sowb-button ow-icon-placement-left ow-button-hover\" target=\"_blank\" rel=\"noopener noreferrer\" \t>\n\t\t<span>\n\t\t\t\n\t\t\tVer video\t\t<\/span>\n\t\t\t<\/a>\n\t<\/div>\n<\/div><\/div><div id=\"panel-3305-4-2-2\" class=\"so-panel widget widget_sow-button panel-last-child\" data-index=\"15\" ><div\n\t\t\t\n\t\t\tclass=\"so-widget-sow-button so-widget-sow-button-flat-61bb47762591-3305\"\n\t\t\t\n\t\t><div class=\"ow-button-base ow-button-align-left\"\n>\n\t\t\t<a\n\t\t\t\t\thref=\"https:\/\/www.maricopa.gov\/DocumentCenter\/View\/94129\/\"\n\t\t\t\t\tclass=\"sowb-button ow-icon-placement-left ow-button-hover\" target=\"_blank\" rel=\"noopener noreferrer\" \t>\n\t\t<span>\n\t\t\t\n\t\t\tDescargar gu\u00eda (PDF)\t\t<\/span>\n\t\t\t<\/a>\n\t<\/div>\n<\/div><\/div><\/div><\/div><\/div><div id=\"pg-3305-5\"  class=\"panel-grid panel-has-style\" ><div class=\"panel-row-style panel-row-style-for-3305-5\" ><div id=\"pgc-3305-5-0\"  class=\"panel-grid-cell\" ><div id=\"panel-3305-5-0-0\" class=\"so-panel widget widget_sow-editor panel-first-child panel-last-child\" data-index=\"16\" ><div\n\t\t\t\n\t\t\tclass=\"so-widget-sow-editor so-widget-sow-editor-base\"\n\t\t\t\n\t\t>\n<div class=\"siteorigin-widget-tinymce textwidget\">\n\t<hr \/>\n<\/div>\n<\/div><\/div><\/div><div id=\"pgc-3305-5-1\"  class=\"panel-grid-cell\" ><div id=\"panel-3305-5-1-0\" class=\"so-panel widget widget_sow-editor panel-first-child panel-last-child\" data-index=\"17\" ><div\n\t\t\t\n\t\t\tclass=\"so-widget-sow-editor so-widget-sow-editor-base\"\n\t\t\t\n\t\t>\n<div class=\"siteorigin-widget-tinymce textwidget\">\n\t<p><a href=\"https:\/\/www.vdh.virginia.gov\/norfolk\/nutrition-resource-center\/\"><img loading=\"lazy\" decoding=\"async\" class=\"alignright wp-image-2884\" src=\"https:\/\/www.vdh.virginia.gov\/content\/uploads\/sites\/223\/ChatGPT-Image-Aug-11-2025-10_51_16-PM-150x150.png\" alt=\"\" width=\"35\" height=\"35\" \/><\/a><\/p>\n<\/div>\n<\/div><\/div><\/div><\/div><\/div><div id=\"pg-3305-6\"  class=\"panel-grid panel-has-style\" ><div class=\"panel-row-style panel-row-style-for-3305-6\" ><div id=\"pgc-3305-6-0\"  class=\"panel-grid-cell\" ><div id=\"panel-3305-6-0-0\" class=\"so-panel widget widget_media_image panel-first-child panel-last-child\" data-index=\"18\" ><img loading=\"lazy\" decoding=\"async\" width=\"350\" height=\"230\" src=\"https:\/\/www.vdh.virginia.gov\/content\/uploads\/sites\/223\/loss.jpg\" class=\"image wp-image-2741  attachment-full size-full\" alt=\"\" style=\"max-width: 100%; height: auto;\" srcset=\"https:\/\/www.vdh.virginia.gov\/content\/uploads\/sites\/223\/loss.jpg 350w, https:\/\/www.vdh.virginia.gov\/content\/uploads\/sites\/223\/loss-300x197.jpg 300w\" sizes=\"auto, (max-width: 350px) 100vw, 350px\" \/><\/div><\/div><div id=\"pgc-3305-6-1\"  class=\"panel-grid-cell\" ><div id=\"panel-3305-6-1-0\" class=\"so-panel widget widget_sow-editor panel-first-child panel-last-child\" data-index=\"19\" ><div\n\t\t\t\n\t\t\tclass=\"so-widget-sow-editor so-widget-sow-editor-base\"\n\t\t\t\n\t\t><h3 class=\"widget-title\">C\u00f3mo navegar una p\u00e9rdida<\/h3>\n<div class=\"siteorigin-widget-tinymce textwidget\">\n\t<p>Obtenga apoyo para la p\u00e9rdida de un beb\u00e9, incluyendo informaci\u00f3n sobre salud mental, nutrici\u00f3n, movimiento, lactancia y m\u00e1s.<\/p>\n<\/div>\n<\/div><\/div><\/div><div id=\"pgc-3305-6-2\"  class=\"panel-grid-cell\" ><div id=\"panel-3305-6-2-0\" class=\"so-panel widget widget_sow-button panel-first-child\" data-index=\"20\" ><div\n\t\t\t\n\t\t\tclass=\"so-widget-sow-button so-widget-sow-button-flat-61bb47762591-3305\"\n\t\t\t\n\t\t><div class=\"ow-button-base ow-button-align-left\"\n>\n\t\t\t<a\n\t\t\t\t\thref=\"https:\/\/www.canva.com\/design\/DAGGvBDfJqo\/J2eqh7vjSvcaToljw2gUKA\/view?utm_content=DAGGvBDfJqo&#038;utm_campaign=designshare&#038;utm_medium=link&#038;utm_source=editor\"\n\t\t\t\t\tclass=\"sowb-button ow-icon-placement-left ow-button-hover\" target=\"_blank\" rel=\"noopener noreferrer\" \t>\n\t\t<span>\n\t\t\t\n\t\t\tVer presentaci\u00f3n\t\t<\/span>\n\t\t\t<\/a>\n\t<\/div>\n<\/div><\/div><div id=\"panel-3305-6-2-1\" class=\"so-panel widget widget_sow-button\" data-index=\"21\" ><div\n\t\t\t\n\t\t\tclass=\"so-widget-sow-button so-widget-sow-button-flat-61bb47762591-3305\"\n\t\t\t\n\t\t><div class=\"ow-button-base ow-button-align-left\"\n>\n\t\t\t<a\n\t\t\t\t\thref=\"https:\/\/www.canva.com\/design\/DAGFO905vrw\/DKj8eV7mmxkqbW9eALKftw\/watch?utm_content=DAGFO905vrw&#038;utm_campaign=designshare&#038;utm_medium=link&#038;utm_source=editor\"\n\t\t\t\t\tclass=\"sowb-button ow-icon-placement-left ow-button-hover\" target=\"_blank\" rel=\"noopener noreferrer\" \t>\n\t\t<span>\n\t\t\t\n\t\t\tVer video\t\t<\/span>\n\t\t\t<\/a>\n\t<\/div>\n<\/div><\/div><div id=\"panel-3305-6-2-2\" class=\"so-panel widget widget_sow-button panel-last-child\" data-index=\"22\" ><div\n\t\t\t\n\t\t\tclass=\"so-widget-sow-button so-widget-sow-button-flat-61bb47762591-3305\"\n\t\t\t\n\t\t><div class=\"ow-button-base ow-button-align-left\"\n>\n\t\t\t<a\n\t\t\t\t\thref=\"https:\/\/www.maricopa.gov\/DocumentCenter\/View\/94129\/\"\n\t\t\t\t\tclass=\"sowb-button ow-icon-placement-left ow-button-hover\" target=\"_blank\" rel=\"noopener noreferrer\" \t>\n\t\t<span>\n\t\t\t\n\t\t\tDescargar gu\u00eda (PDF)\t\t<\/span>\n\t\t\t<\/a>\n\t<\/div>\n<\/div><\/div><\/div><\/div><\/div><div id=\"pg-3305-7\"  class=\"panel-grid panel-has-style\" ><div class=\"panel-row-style panel-row-style-for-3305-7\" ><div id=\"pgc-3305-7-0\"  class=\"panel-grid-cell\" ><div id=\"panel-3305-7-0-0\" class=\"so-panel widget widget_sow-editor panel-first-child panel-last-child\" data-index=\"23\" ><div\n\t\t\t\n\t\t\tclass=\"so-widget-sow-editor so-widget-sow-editor-base\"\n\t\t\t\n\t\t>\n<div class=\"siteorigin-widget-tinymce textwidget\">\n\t<hr \/>\n<\/div>\n<\/div><\/div><\/div><div id=\"pgc-3305-7-1\"  class=\"panel-grid-cell\" ><div id=\"panel-3305-7-1-0\" class=\"so-panel widget widget_sow-editor panel-first-child panel-last-child\" data-index=\"24\" ><div\n\t\t\t\n\t\t\tclass=\"so-widget-sow-editor so-widget-sow-editor-base\"\n\t\t\t\n\t\t>\n<div class=\"siteorigin-widget-tinymce textwidget\">\n\t<p><a href=\"https:\/\/www.vdh.virginia.gov\/norfolk\/nutrition-resource-center\/\"><img loading=\"lazy\" decoding=\"async\" class=\"alignright wp-image-2884\" src=\"https:\/\/www.vdh.virginia.gov\/content\/uploads\/sites\/223\/ChatGPT-Image-Aug-11-2025-10_51_16-PM-150x150.png\" alt=\"\" width=\"35\" height=\"35\" \/><\/a><\/p>\n<\/div>\n<\/div><\/div><\/div><\/div><\/div><\/div>","protected":false},"excerpt":{"rendered":"<p>El embarazo trae necesidades \u00fanicas para tu cuerpo, mente y coraz\u00f3n. WIC ofrece orientaci\u00f3n sobre nutrici\u00f3n, movimiento seguro, salud mental, sue\u00f1o y m\u00e1s\u2014adem\u00e1s de recursos compasivos para sanar despu\u00e9s de una p\u00e9rdida. No est\u00e1s sola\u2014estamos aqu\u00ed para ti en cada paso del camino. Men\u00fa principal<\/p>\n","protected":false},"author":670,"featured_media":0,"parent":0,"menu_order":0,"comment_status":"closed","ping_status":"closed","template":"","meta":{"_lmt_disableupdate":"no","_lmt_disable":"","footnotes":""},"tags":[],"class_list":["post-3305","page","type-page","status-publish","hentry"],"yoast_head":"<!-- This site is optimized with the Yoast SEO plugin v27.3 - https:\/\/yoast.com\/product\/yoast-seo-wordpress\/ -->\n<title>Embarazo y posparto - Norfolk Health Department<\/title>\n<meta name=\"robots\" content=\"index, follow, max-snippet:-1, max-image-preview:large, max-video-preview:-1\" \/>\n<link rel=\"canonical\" href=\"https:\/\/www.vdh.virginia.gov\/norfolk\/embarazo-y-posparto\/\" \/>\n<meta property=\"og:locale\" content=\"en_US\" \/>\n<meta property=\"og:type\" content=\"article\" \/>\n<meta property=\"og:title\" content=\"Embarazo y posparto - Norfolk Health Department\" \/>\n<meta property=\"og:description\" content=\"El embarazo trae necesidades \u00fanicas para tu cuerpo, mente y coraz\u00f3n. WIC ofrece orientaci\u00f3n sobre nutrici\u00f3n, movimiento seguro, salud mental, sue\u00f1o y m\u00e1s\u2014adem\u00e1s de recursos compasivos para sanar despu\u00e9s de una p\u00e9rdida. No est\u00e1s sola\u2014estamos aqu\u00ed para ti en cada paso del camino. Men\u00fa principal\" \/>\n<meta property=\"og:url\" content=\"https:\/\/www.vdh.virginia.gov\/norfolk\/embarazo-y-posparto\/\" \/>\n<meta property=\"og:site_name\" content=\"Norfolk Health Department\" \/>\n<meta property=\"article:modified_time\" content=\"2025-12-17T14:41:12+00:00\" \/>\n<meta property=\"og:image\" content=\"https:\/\/www.vdh.virginia.gov\/content\/uploads\/sites\/223\/ChatGPT-Image-Aug-11-2025-10_51_16-PM-e1754967122616.png\" \/>\n\t<meta property=\"og:image:width\" content=\"200\" \/>\n\t<meta property=\"og:image:height\" content=\"200\" \/>\n\t<meta property=\"og:image:type\" content=\"image\/png\" \/>\n<meta name=\"twitter:card\" content=\"summary_large_image\" \/>\n<meta name=\"twitter:label1\" content=\"Est. reading time\" \/>\n\t<meta name=\"twitter:data1\" content=\"1 minute\" \/>\n<script type=\"application\/ld+json\" class=\"yoast-schema-graph\">{\"@context\":\"https:\\\/\\\/schema.org\",\"@graph\":[{\"@type\":\"WebPage\",\"@id\":\"https:\\\/\\\/www.vdh.virginia.gov\\\/norfolk\\\/embarazo-y-posparto\\\/\",\"url\":\"https:\\\/\\\/www.vdh.virginia.gov\\\/norfolk\\\/embarazo-y-posparto\\\/\",\"name\":\"Embarazo y posparto - Norfolk Health Department\",\"isPartOf\":{\"@id\":\"https:\\\/\\\/www.vdh.virginia.gov\\\/norfolk\\\/#website\"},\"primaryImageOfPage\":{\"@id\":\"https:\\\/\\\/www.vdh.virginia.gov\\\/norfolk\\\/embarazo-y-posparto\\\/#primaryimage\"},\"image\":{\"@id\":\"https:\\\/\\\/www.vdh.virginia.gov\\\/norfolk\\\/embarazo-y-posparto\\\/#primaryimage\"},\"thumbnailUrl\":\"https:\\\/\\\/www.vdh.virginia.gov\\\/content\\\/uploads\\\/sites\\\/223\\\/ChatGPT-Image-Aug-11-2025-10_51_16-PM-150x150.png\",\"datePublished\":\"2025-09-03T03:43:44+00:00\",\"dateModified\":\"2025-12-17T14:41:12+00:00\",\"breadcrumb\":{\"@id\":\"https:\\\/\\\/www.vdh.virginia.gov\\\/norfolk\\\/embarazo-y-posparto\\\/#breadcrumb\"},\"inLanguage\":\"en-US\",\"potentialAction\":[{\"@type\":\"ReadAction\",\"target\":[\"https:\\\/\\\/www.vdh.virginia.gov\\\/norfolk\\\/embarazo-y-posparto\\\/\"]}]},{\"@type\":\"ImageObject\",\"inLanguage\":\"en-US\",\"@id\":\"https:\\\/\\\/www.vdh.virginia.gov\\\/norfolk\\\/embarazo-y-posparto\\\/#primaryimage\",\"url\":\"https:\\\/\\\/www.vdh.virginia.gov\\\/content\\\/uploads\\\/sites\\\/223\\\/ChatGPT-Image-Aug-11-2025-10_51_16-PM-150x150.png\",\"contentUrl\":\"https:\\\/\\\/www.vdh.virginia.gov\\\/content\\\/uploads\\\/sites\\\/223\\\/ChatGPT-Image-Aug-11-2025-10_51_16-PM-150x150.png\"},{\"@type\":\"BreadcrumbList\",\"@id\":\"https:\\\/\\\/www.vdh.virginia.gov\\\/norfolk\\\/embarazo-y-posparto\\\/#breadcrumb\",\"itemListElement\":[{\"@type\":\"ListItem\",\"position\":1,\"name\":\"Home\",\"item\":\"https:\\\/\\\/www.vdh.virginia.gov\\\/norfolk\\\/\"},{\"@type\":\"ListItem\",\"position\":2,\"name\":\"Embarazo y posparto\"}]},{\"@type\":\"WebSite\",\"@id\":\"https:\\\/\\\/www.vdh.virginia.gov\\\/norfolk\\\/#website\",\"url\":\"https:\\\/\\\/www.vdh.virginia.gov\\\/norfolk\\\/\",\"name\":\"Norfolk Health Department\",\"description\":\"\",\"potentialAction\":[{\"@type\":\"SearchAction\",\"target\":{\"@type\":\"EntryPoint\",\"urlTemplate\":\"https:\\\/\\\/www.vdh.virginia.gov\\\/norfolk\\\/?s={search_term_string}\"},\"query-input\":{\"@type\":\"PropertyValueSpecification\",\"valueRequired\":true,\"valueName\":\"search_term_string\"}}],\"inLanguage\":\"en-US\"}]}<\/script>\n<!-- \/ Yoast SEO plugin. -->","yoast_head_json":{"title":"Embarazo y posparto - Norfolk Health Department","robots":{"index":"index","follow":"follow","max-snippet":"max-snippet:-1","max-image-preview":"max-image-preview:large","max-video-preview":"max-video-preview:-1"},"canonical":"https:\/\/www.vdh.virginia.gov\/norfolk\/embarazo-y-posparto\/","og_locale":"en_US","og_type":"article","og_title":"Embarazo y posparto - Norfolk Health Department","og_description":"El embarazo trae necesidades \u00fanicas para tu cuerpo, mente y coraz\u00f3n. WIC ofrece orientaci\u00f3n sobre nutrici\u00f3n, movimiento seguro, salud mental, sue\u00f1o y m\u00e1s\u2014adem\u00e1s de recursos compasivos para sanar despu\u00e9s de una p\u00e9rdida. No est\u00e1s sola\u2014estamos aqu\u00ed para ti en cada paso del camino. Men\u00fa principal","og_url":"https:\/\/www.vdh.virginia.gov\/norfolk\/embarazo-y-posparto\/","og_site_name":"Norfolk Health Department","article_modified_time":"2025-12-17T14:41:12+00:00","og_image":[{"width":200,"height":200,"url":"https:\/\/www.vdh.virginia.gov\/content\/uploads\/sites\/223\/ChatGPT-Image-Aug-11-2025-10_51_16-PM-e1754967122616.png","type":"image\/png"}],"twitter_card":"summary_large_image","twitter_misc":{"Est. reading time":"1 minute"},"schema":{"@context":"https:\/\/schema.org","@graph":[{"@type":"WebPage","@id":"https:\/\/www.vdh.virginia.gov\/norfolk\/embarazo-y-posparto\/","url":"https:\/\/www.vdh.virginia.gov\/norfolk\/embarazo-y-posparto\/","name":"Embarazo y posparto - Norfolk Health Department","isPartOf":{"@id":"https:\/\/www.vdh.virginia.gov\/norfolk\/#website"},"primaryImageOfPage":{"@id":"https:\/\/www.vdh.virginia.gov\/norfolk\/embarazo-y-posparto\/#primaryimage"},"image":{"@id":"https:\/\/www.vdh.virginia.gov\/norfolk\/embarazo-y-posparto\/#primaryimage"},"thumbnailUrl":"https:\/\/www.vdh.virginia.gov\/content\/uploads\/sites\/223\/ChatGPT-Image-Aug-11-2025-10_51_16-PM-150x150.png","datePublished":"2025-09-03T03:43:44+00:00","dateModified":"2025-12-17T14:41:12+00:00","breadcrumb":{"@id":"https:\/\/www.vdh.virginia.gov\/norfolk\/embarazo-y-posparto\/#breadcrumb"},"inLanguage":"en-US","potentialAction":[{"@type":"ReadAction","target":["https:\/\/www.vdh.virginia.gov\/norfolk\/embarazo-y-posparto\/"]}]},{"@type":"ImageObject","inLanguage":"en-US","@id":"https:\/\/www.vdh.virginia.gov\/norfolk\/embarazo-y-posparto\/#primaryimage","url":"https:\/\/www.vdh.virginia.gov\/content\/uploads\/sites\/223\/ChatGPT-Image-Aug-11-2025-10_51_16-PM-150x150.png","contentUrl":"https:\/\/www.vdh.virginia.gov\/content\/uploads\/sites\/223\/ChatGPT-Image-Aug-11-2025-10_51_16-PM-150x150.png"},{"@type":"BreadcrumbList","@id":"https:\/\/www.vdh.virginia.gov\/norfolk\/embarazo-y-posparto\/#breadcrumb","itemListElement":[{"@type":"ListItem","position":1,"name":"Home","item":"https:\/\/www.vdh.virginia.gov\/norfolk\/"},{"@type":"ListItem","position":2,"name":"Embarazo y posparto"}]},{"@type":"WebSite","@id":"https:\/\/www.vdh.virginia.gov\/norfolk\/#website","url":"https:\/\/www.vdh.virginia.gov\/norfolk\/","name":"Norfolk Health Department","description":"","potentialAction":[{"@type":"SearchAction","target":{"@type":"EntryPoint","urlTemplate":"https:\/\/www.vdh.virginia.gov\/norfolk\/?s={search_term_string}"},"query-input":{"@type":"PropertyValueSpecification","valueRequired":true,"valueName":"search_term_string"}}],"inLanguage":"en-US"}]}},"_links":{"self":[{"href":"https:\/\/www.vdh.virginia.gov\/norfolk\/wp-json\/wp\/v2\/pages\/3305","targetHints":{"allow":["GET"]}}],"collection":[{"href":"https:\/\/www.vdh.virginia.gov\/norfolk\/wp-json\/wp\/v2\/pages"}],"about":[{"href":"https:\/\/www.vdh.virginia.gov\/norfolk\/wp-json\/wp\/v2\/types\/page"}],"author":[{"embeddable":true,"href":"https:\/\/www.vdh.virginia.gov\/norfolk\/wp-json\/wp\/v2\/users\/670"}],"replies":[{"embeddable":true,"href":"https:\/\/www.vdh.virginia.gov\/norfolk\/wp-json\/wp\/v2\/comments?post=3305"}],"version-history":[{"count":13,"href":"https:\/\/www.vdh.virginia.gov\/norfolk\/wp-json\/wp\/v2\/pages\/3305\/revisions"}],"predecessor-version":[{"id":3483,"href":"https:\/\/www.vdh.virginia.gov\/norfolk\/wp-json\/wp\/v2\/pages\/3305\/revisions\/3483"}],"wp:attachment":[{"href":"https:\/\/www.vdh.virginia.gov\/norfolk\/wp-json\/wp\/v2\/media?parent=3305"}],"wp:term":[{"taxonomy":"post_tag","embeddable":true,"href":"https:\/\/www.vdh.virginia.gov\/norfolk\/wp-json\/wp\/v2\/tags?post=3305"}],"curies":[{"name":"wp","href":"https:\/\/api.w.org\/{rel}","templated":true}]}}